{"id":5,"date":"2026-02-22T05:39:30","date_gmt":"2026-02-22T05:39:30","guid":{"rendered":"https:\/\/aunestamosatiempo.com\/gracias\/?page_id=5"},"modified":"2026-02-22T07:03:46","modified_gmt":"2026-02-22T07:03:46","slug":"gracias","status":"publish","type":"page","link":"https:\/\/aunestamosatiempo.com\/gracias\/","title":{"rendered":"GRACIAS"},"content":{"rendered":"\t\t<div data-elementor-type=\"wp-page\" data-elementor-id=\"5\" class=\"elementor elementor-5\">\n\t\t\t\t<div class=\"elementor-element elementor-element-a0afa43 e-flex e-con-boxed e-con e-parent\" data-id=\"a0afa43\" data-element_type=\"container\" data-e-type=\"container\" data-settings=\"{&quot;background_background&quot;:&quot;classic&quot;}\">\n\t\t\t\t\t<div class=\"e-con-inner\">\n\t\t<div class=\"elementor-element elementor-element-4469315 e-con-full e-flex e-con e-child\" data-id=\"4469315\" data-element_type=\"container\" data-e-type=\"container\">\n\t\t\t\t<div class=\"elementor-element elementor-element-0533f7f elementor-widget elementor-widget-heading\" data-id=\"0533f7f\" data-element_type=\"widget\" data-e-type=\"widget\" data-widget_type=\"heading.default\">\n\t\t\t\t\t<h2 class=\"elementor-heading-title elementor-size-default\">\u00a1Tu pedido est\u00e1 confirmado!<\/h2>\t\t\t\t<\/div>\n\t\t\t\t<div class=\"elementor-element elementor-element-fefea13 elementor-widget elementor-widget-heading\" data-id=\"fefea13\" data-element_type=\"widget\" data-e-type=\"widget\" data-widget_type=\"heading.default\">\n\t\t\t\t\t<h2 class=\"elementor-heading-title elementor-size-default\">En los pr\u00f3ximos <span style=\"color: #ff8400\">5 a 10 minutos<\/span> recibir\u00e1s un correo electr\u00f3nico con todas las instrucciones para <span style=\"color: #ff8400\">acceder a tu material.<\/span><\/h2>\t\t\t\t<\/div>\n\t\t\t\t<div class=\"elementor-element elementor-element-24fe78c elementor-widget elementor-widget-text-editor\" data-id=\"24fe78c\" data-element_type=\"widget\" data-e-type=\"widget\" data-widget_type=\"text-editor.default\">\n\t\t\t\t\t\t\t\t\t<p><span style=\"color: #fffcfc;\">Dentro de ese correo encontrar\u00e1s:<\/span><\/p><ul><li><span style=\"color: #fffcfc;\">Acceso a la plataforma<\/span><\/li><li><span style=\"color: #fffcfc;\">Instrucciones paso a paso<\/span><\/li><li><span style=\"color: #fffcfc;\">Tu ebook listo para descargar<\/span><\/li><\/ul><div>\u00a0<\/div>\t\t\t\t\t\t\t\t<\/div>\n\t\t\t\t<div class=\"elementor-element elementor-element-d58a68d elementor-widget elementor-widget-text-editor\" data-id=\"d58a68d\" data-element_type=\"widget\" data-e-type=\"widget\" data-widget_type=\"text-editor.default\">\n\t\t\t\t\t\t\t\t\t<p data-start=\"1308\" data-end=\"1382\"><span style=\"color: #ffffff;\">Si tienes cualquier duda o problema con tu acceso, puedes contactarnos en:<\/span><\/p><p data-start=\"1384\" data-end=\"1412\"><span style=\"color: #ffffff;\"><b>contact@aunestamosatiempo.com<\/b><\/span><\/p>\t\t\t\t\t\t\t\t<\/div>\n\t\t\t\t<div class=\"elementor-element elementor-element-e98ff8f elementor-widget elementor-widget-heading\" data-id=\"e98ff8f\" data-element_type=\"widget\" data-e-type=\"widget\" data-widget_type=\"heading.default\">\n\t\t\t\t\t<h2 class=\"elementor-heading-title elementor-size-default\">Felicidades por dar este gran paso hacia la reconstrucci\u00f3n de tu relaci\u00f3n.<\/h2>\t\t\t\t<\/div>\n\t\t\t\t<div class=\"elementor-element elementor-element-1af4184 elementor-view-default elementor-invisible elementor-widget elementor-widget-icon\" data-id=\"1af4184\" data-element_type=\"widget\" data-e-type=\"widget\" data-settings=\"{&quot;_animation&quot;:&quot;zoomIn&quot;}\" data-widget_type=\"icon.default\">\n\t\t\t\t\t\t\t<div class=\"elementor-icon-wrapper\">\n\t\t\t<div class=\"elementor-icon\">\n\t\t\t<svg aria-hidden=\"true\" class=\"e-font-icon-svg e-fas-check-circle\" viewBox=\"0 0 512 512\" xmlns=\"http:\/\/www.w3.org\/2000\/svg\"><path d=\"M504 256c0 136.967-111.033 248-248 248S8 392.967 8 256 119.033 8 256 8s248 111.033 248 248zM227.314 387.314l184-184c6.248-6.248 6.248-16.379 0-22.627l-22.627-22.627c-6.248-6.249-16.379-6.249-22.628 0L216 308.118l-70.059-70.059c-6.248-6.248-16.379-6.248-22.628 0l-22.627 22.627c-6.248 6.248-6.248 16.379 0 22.627l104 104c6.249 6.249 16.379 6.249 22.628.001z\"><\/path><\/svg>\t\t\t<\/div>\n\t\t<\/div>\n\t\t\t\t\t\t<\/div>\n\t\t\t\t<\/div>\n\t\t<div class=\"elementor-element elementor-element-f44b8e2 e-con-full e-flex e-con e-child\" data-id=\"f44b8e2\" data-element_type=\"container\" data-e-type=\"container\">\n\t\t\t\t<\/div>\n\t\t\t\t\t<\/div>\n\t\t\t\t<\/div>\n\t\t<div class=\"elementor-element elementor-element-cbf3122 e-flex e-con-boxed e-con e-parent\" data-id=\"cbf3122\" data-element_type=\"container\" data-e-type=\"container\" data-settings=\"{&quot;background_background&quot;:&quot;classic&quot;}\">\n\t\t\t\t\t<div class=\"e-con-inner\">\n\t\t<div class=\"elementor-element elementor-element-ceb6f1d e-con-full e-flex e-con e-child\" data-id=\"ceb6f1d\" data-element_type=\"container\" data-e-type=\"container\">\n\t\t\t\t<div class=\"elementor-element elementor-element-081faa2 elementor-widget elementor-widget-heading\" data-id=\"081faa2\" data-element_type=\"widget\" data-e-type=\"widget\" data-widget_type=\"heading.default\">\n\t\t\t\t\t<h2 class=\"elementor-heading-title elementor-size-default\">\u00a9 A\u00daN ESTAMOS A TIEMPO - 2026<\/h2>\t\t\t\t<\/div>\n\t\t\t\t<\/div>\n\t\t<div class=\"elementor-element elementor-element-d7f64f9 e-con-full e-flex e-con e-child\" data-id=\"d7f64f9\" data-element_type=\"container\" data-e-type=\"container\">\n\t\t\t\t<\/div>\n\t\t\t\t\t<\/div>\n\t\t\t\t<\/div>\n\t\t\t\t<\/div>\n\t\t","protected":false},"excerpt":{"rendered":"<p>\u00a1Tu pedido est\u00e1 confirmado! En los pr\u00f3ximos 5 a 10 minutos recibir\u00e1s un correo electr\u00f3nico con todas las instrucciones para acceder a tu material. Dentro de ese correo encontrar\u00e1s: Acceso a la plataforma Instrucciones paso a paso Tu ebook listo para descargar \u00a0 Si tienes cualquier duda o problema con tu acceso, puedes contactarnos en: [&hellip;]<\/p>\n","protected":false},"author":1,"featured_media":0,"parent":0,"menu_order":0,"comment_status":"closed","ping_status":"closed","template":"elementor_canvas","meta":{"footnotes":""},"class_list":["post-5","page","type-page","status-publish","hentry"],"_hostinger_reach_plugin_has_subscription_block":false,"_hostinger_reach_plugin_is_elementor":false,"_links":{"self":[{"href":"https:\/\/aunestamosatiempo.com\/gracias\/wp-json\/wp\/v2\/pages\/5","targetHints":{"allow":["GET"]}}],"collection":[{"href":"https:\/\/aunestamosatiempo.com\/gracias\/wp-json\/wp\/v2\/pages"}],"about":[{"href":"https:\/\/aunestamosatiempo.com\/gracias\/wp-json\/wp\/v2\/types\/page"}],"author":[{"embeddable":true,"href":"https:\/\/aunestamosatiempo.com\/gracias\/wp-json\/wp\/v2\/users\/1"}],"replies":[{"embeddable":true,"href":"https:\/\/aunestamosatiempo.com\/gracias\/wp-json\/wp\/v2\/comments?post=5"}],"version-history":[{"count":100,"href":"https:\/\/aunestamosatiempo.com\/gracias\/wp-json\/wp\/v2\/pages\/5\/revisions"}],"predecessor-version":[{"id":121,"href":"https:\/\/aunestamosatiempo.com\/gracias\/wp-json\/wp\/v2\/pages\/5\/revisions\/121"}],"wp:attachment":[{"href":"https:\/\/aunestamosatiempo.com\/gracias\/wp-json\/wp\/v2\/media?parent=5"}],"curies":[{"name":"wp","href":"https:\/\/api.w.org\/{rel}","templated":true}]}}